{"id":25982232,"date":"2025-04-21T12:08:05","date_gmt":"2025-04-21T10:08:05","guid":{"rendered":"https:\/\/bostello.com\/?page_id=25982232"},"modified":"2025-06-09T21:37:20","modified_gmt":"2025-06-09T19:37:20","slug":"about","status":"publish","type":"page","link":"https:\/\/bostello.com\/sv\/about\/","title":{"rendered":"Om oss"},"content":{"rendered":"","protected":false},"excerpt":{"rendered":"","protected":false},"author":2,"featured_media":0,"parent":0,"menu_order":0,"comment_status":"closed","ping_status":"closed","template":"","meta":{"_et_pb_use_builder":"on","_et_pb_old_content":"","_et_gb_content_width":"","footnotes":""},"class_list":["post-25982232","page","type-page","status-publish","hentry"],"yoast_head":"<!-- This site is optimized with the Yoast SEO plugin v26.5 - https:\/\/yoast.com\/wordpress\/plugins\/seo\/ -->\n<title>Om oss - Bostello<\/title>\n<meta name=\"robots\" content=\"index, follow, max-snippet:-1, max-image-preview:large, max-video-preview:-1\" \/>\n<link rel=\"canonical\" href=\"https:\/\/bostello.com\/sv\/about\/\" \/>\n<meta property=\"og:locale\" content=\"sv_SE\" \/>\n<meta property=\"og:type\" content=\"article\" \/>\n<meta property=\"og:title\" content=\"Om oss - Bostello\" \/>\n<meta property=\"og:description\" content=\"Vi handplockar en m\u00e4klare baserat p\u00e5 din fastighets l\u00e4ge, storlek och marknadsprofil.V\u00e5rt urval baseras p\u00e5 resultatm\u00e5tt - inte p\u00e5 gissningar.Du betalar ingenting. Ingen f\u00e5ngst. Ingen skyldighet.Skippa \u00e4ndl\u00f6sa unders\u00f6kningar och telefonsamtal - vi g\u00f6r jobbet \u00e5t dig.Vi samarbetar med de [&hellip;]\" \/>\n<meta property=\"og:url\" content=\"https:\/\/bostello.com\/sv\/about\/\" \/>\n<meta property=\"og:site_name\" content=\"Bostello\" \/>\n<meta property=\"article:publisher\" content=\"https:\/\/www.facebook.com\/profile.php?id=61576560999312\" \/>\n<meta property=\"article:modified_time\" content=\"2025-06-09T19:37:20+00:00\" \/>\n<meta property=\"og:image\" content=\"https:\/\/bostello.com\/wp-content\/uploads\/2025\/04\/cropped-bostello.png\" \/>\n\t<meta property=\"og:image:width\" content=\"512\" \/>\n\t<meta property=\"og:image:height\" content=\"512\" \/>\n\t<meta property=\"og:image:type\" content=\"image\/png\" \/>\n<meta name=\"twitter:card\" content=\"summary_large_image\" \/>\n<script type=\"application\/ld+json\" class=\"yoast-schema-graph\">{\"@context\":\"https:\/\/schema.org\",\"@graph\":[{\"@type\":\"WebPage\",\"@id\":\"https:\/\/bostello.com\/sv\/about\/\",\"url\":\"https:\/\/bostello.com\/sv\/about\/\",\"name\":\"Om oss - Bostello\",\"isPartOf\":{\"@id\":\"https:\/\/bostello.com\/sv\/#website\"},\"datePublished\":\"2025-04-21T10:08:05+00:00\",\"dateModified\":\"2025-06-09T19:37:20+00:00\",\"breadcrumb\":{\"@id\":\"https:\/\/bostello.com\/sv\/about\/#breadcrumb\"},\"inLanguage\":\"sv-SE\",\"potentialAction\":[{\"@type\":\"ReadAction\",\"target\":[\"https:\/\/bostello.com\/sv\/about\/\"]}]},{\"@type\":\"BreadcrumbList\",\"@id\":\"https:\/\/bostello.com\/sv\/about\/#breadcrumb\",\"itemListElement\":[{\"@type\":\"ListItem\",\"position\":1,\"name\":\"Hem\",\"item\":\"https:\/\/bostello.com\/sv\/\"},{\"@type\":\"ListItem\",\"position\":2,\"name\":\"Om oss\"}]},{\"@type\":\"WebSite\",\"@id\":\"https:\/\/bostello.com\/sv\/#website\",\"url\":\"https:\/\/bostello.com\/sv\/\",\"name\":\"Bostello.com \u2013 Buy Apartments & Houses in Spain\",\"description\":\"Your gateway to dream homes in Costa Blanca &amp; Costa del Sol.\",\"publisher\":{\"@id\":\"https:\/\/bostello.com\/sv\/#organization\"},\"alternateName\":\"Bostello.com \u2013 Find Your Dream Home in Spain\",\"potentialAction\":[{\"@type\":\"SearchAction\",\"target\":{\"@type\":\"EntryPoint\",\"urlTemplate\":\"https:\/\/bostello.com\/sv\/?s={search_term_string}\"},\"query-input\":{\"@type\":\"PropertyValueSpecification\",\"valueRequired\":true,\"valueName\":\"search_term_string\"}}],\"inLanguage\":\"sv-SE\"},{\"@type\":\"Organization\",\"@id\":\"https:\/\/bostello.com\/sv\/#organization\",\"name\":\"Bostello.com\",\"url\":\"https:\/\/bostello.com\/sv\/\",\"logo\":{\"@type\":\"ImageObject\",\"inLanguage\":\"sv-SE\",\"@id\":\"https:\/\/bostello.com\/sv\/#\/schema\/logo\/image\/\",\"url\":\"https:\/\/bostello.com\/wp-content\/uploads\/2025\/04\/cropped-bostello.png\",\"contentUrl\":\"https:\/\/bostello.com\/wp-content\/uploads\/2025\/04\/cropped-bostello.png\",\"width\":512,\"height\":512,\"caption\":\"Bostello.com\"},\"image\":{\"@id\":\"https:\/\/bostello.com\/sv\/#\/schema\/logo\/image\/\"},\"sameAs\":[\"https:\/\/www.facebook.com\/profile.php?id=61576560999312\"]}]}<\/script>\n<!-- \/ Yoast SEO plugin. -->","yoast_head_json":{"title":"Om oss - Bostello","robots":{"index":"index","follow":"follow","max-snippet":"max-snippet:-1","max-image-preview":"max-image-preview:large","max-video-preview":"max-video-preview:-1"},"canonical":"https:\/\/bostello.com\/sv\/about\/","og_locale":"sv_SE","og_type":"article","og_title":"Om oss - Bostello","og_description":"Vi handplockar en m\u00e4klare baserat p\u00e5 din fastighets l\u00e4ge, storlek och marknadsprofil.V\u00e5rt urval baseras p\u00e5 resultatm\u00e5tt - inte p\u00e5 gissningar.Du betalar ingenting. Ingen f\u00e5ngst. Ingen skyldighet.Skippa \u00e4ndl\u00f6sa unders\u00f6kningar och telefonsamtal - vi g\u00f6r jobbet \u00e5t dig.Vi samarbetar med de [&hellip;]","og_url":"https:\/\/bostello.com\/sv\/about\/","og_site_name":"Bostello","article_publisher":"https:\/\/www.facebook.com\/profile.php?id=61576560999312","article_modified_time":"2025-06-09T19:37:20+00:00","og_image":[{"width":512,"height":512,"url":"https:\/\/bostello.com\/wp-content\/uploads\/2025\/04\/cropped-bostello.png","type":"image\/png"}],"twitter_card":"summary_large_image","schema":{"@context":"https:\/\/schema.org","@graph":[{"@type":"WebPage","@id":"https:\/\/bostello.com\/sv\/about\/","url":"https:\/\/bostello.com\/sv\/about\/","name":"Om oss - Bostello","isPartOf":{"@id":"https:\/\/bostello.com\/sv\/#website"},"datePublished":"2025-04-21T10:08:05+00:00","dateModified":"2025-06-09T19:37:20+00:00","breadcrumb":{"@id":"https:\/\/bostello.com\/sv\/about\/#breadcrumb"},"inLanguage":"sv-SE","potentialAction":[{"@type":"ReadAction","target":["https:\/\/bostello.com\/sv\/about\/"]}]},{"@type":"BreadcrumbList","@id":"https:\/\/bostello.com\/sv\/about\/#breadcrumb","itemListElement":[{"@type":"ListItem","position":1,"name":"Hem","item":"https:\/\/bostello.com\/sv\/"},{"@type":"ListItem","position":2,"name":"Om oss"}]},{"@type":"WebSite","@id":"https:\/\/bostello.com\/sv\/#website","url":"https:\/\/bostello.com\/sv\/","name":"Bostello.com \u2013 Buy Apartments & Houses in Spain","description":"Your gateway to dream homes in Costa Blanca &amp; Costa del Sol.","publisher":{"@id":"https:\/\/bostello.com\/sv\/#organization"},"alternateName":"Bostello.com \u2013 Find Your Dream Home in Spain","potentialAction":[{"@type":"SearchAction","target":{"@type":"EntryPoint","urlTemplate":"https:\/\/bostello.com\/sv\/?s={search_term_string}"},"query-input":{"@type":"PropertyValueSpecification","valueRequired":true,"valueName":"search_term_string"}}],"inLanguage":"sv-SE"},{"@type":"Organization","@id":"https:\/\/bostello.com\/sv\/#organization","name":"Bostello.com","url":"https:\/\/bostello.com\/sv\/","logo":{"@type":"ImageObject","inLanguage":"sv-SE","@id":"https:\/\/bostello.com\/sv\/#\/schema\/logo\/image\/","url":"https:\/\/bostello.com\/wp-content\/uploads\/2025\/04\/cropped-bostello.png","contentUrl":"https:\/\/bostello.com\/wp-content\/uploads\/2025\/04\/cropped-bostello.png","width":512,"height":512,"caption":"Bostello.com"},"image":{"@id":"https:\/\/bostello.com\/sv\/#\/schema\/logo\/image\/"},"sameAs":["https:\/\/www.facebook.com\/profile.php?id=61576560999312"]}]}},"_links":{"self":[{"href":"https:\/\/bostello.com\/sv\/wp-json\/wp\/v2\/pages\/25982232","targetHints":{"allow":["GET"]}}],"collection":[{"href":"https:\/\/bostello.com\/sv\/wp-json\/wp\/v2\/pages"}],"about":[{"href":"https:\/\/bostello.com\/sv\/wp-json\/wp\/v2\/types\/page"}],"author":[{"embeddable":true,"href":"https:\/\/bostello.com\/sv\/wp-json\/wp\/v2\/users\/2"}],"replies":[{"embeddable":true,"href":"https:\/\/bostello.com\/sv\/wp-json\/wp\/v2\/comments?post=25982232"}],"version-history":[{"count":0,"href":"https:\/\/bostello.com\/sv\/wp-json\/wp\/v2\/pages\/25982232\/revisions"}],"wp:attachment":[{"href":"https:\/\/bostello.com\/sv\/wp-json\/wp\/v2\/media?parent=25982232"}],"curies":[{"name":"wp","href":"https:\/\/api.w.org\/{rel}","templated":true}]}}